{"id":272,"date":"2020-10-14T10:08:38","date_gmt":"2020-10-14T13:08:38","guid":{"rendered":"http:\/\/synerlog.com.br\/?page_id=272"},"modified":"2020-10-14T15:54:18","modified_gmt":"2020-10-14T18:54:18","slug":"politica-de-privacidade","status":"publish","type":"page","link":"https:\/\/synerlog.com.br\/index.php\/politica-de-privacidade\/","title":{"rendered":"Pol\u00edtica de Privacidade"},"content":{"rendered":"<p><span data-contrast=\"auto\"><br \/>\n<strong>Pol\u00edtica de Privacidade<\/strong><br \/>\nA<\/span><span data-contrast=\"auto\">\u00a0<\/span><span data-contrast=\"auto\">Pol\u00edtica de Privacidade<\/span><span data-contrast=\"auto\">\u00a0<\/span><span data-contrast=\"auto\">tem por finalidade demonstrar o compromisso da Synergy Log\u00edstica\u00a0 <\/span><span data-contrast=\"auto\">com a privacidade e a prote\u00e7\u00e3o dos dados pessoais coletados de seus<\/span><span data-contrast=\"auto\">\u00a0<\/span><span data-contrast=\"auto\">usu\u00e1rios<\/span><span data-contrast=\"auto\">, estabelecendo as regras sobre a coleta, registro, armazenamento, uso, compartilhamento, enriquecimento e elimina\u00e7\u00e3o dos dados coletados dentro do escopo dos servi\u00e7os e funcionalidades deste website,<\/span><span data-contrast=\"auto\">\u00a0de acordo com as leis em vigor.<\/span><span data-contrast=\"auto\">\u00a0<\/span><\/p>\n<p><b><span data-contrast=\"auto\">Informa\u00e7\u00f5es coletadas e Finalidades espec\u00edficas<\/span><\/b><br \/>\n<span data-contrast=\"auto\">A maioria dos nossos servi\u00e7os n\u00e3o exige qualquer tipo de cadastro<\/span><span data-contrast=\"auto\">,<\/span><span data-contrast=\"auto\">\u00a0no entanto, alguns servi\u00e7os podem exigir que voc\u00ea forne\u00e7a Dados Pessoais voluntariamente. Neste caso, se escolher n\u00e3o compartilhar essas informa\u00e7\u00f5es \u00e9 poss\u00edvel que n\u00e3o possamos prestar certos servi\u00e7os ou responder \u00e0 determinadas solicita\u00e7\u00f5es.\u00a0<\/span><\/p>\n<p><span data-contrast=\"auto\">As finalidades para que iremos utilizar seus dados podem ser:\u00a0<\/span><\/p>\n<ul>\n<li data-aria-posinset=\"1\" data-aria-level=\"2\"><span data-contrast=\"auto\">Responder \u00e0 sua solicita\u00e7\u00e3o;\u00a0<\/span><\/li>\n<li data-aria-posinset=\"2\" data-aria-level=\"2\"><span data-contrast=\"auto\">Fornecer\u00a0a voc\u00ea produtos, servi\u00e7os e suporte ao cliente;\u00a0<\/span><\/li>\n<li data-aria-posinset=\"3\" data-aria-level=\"2\"><span data-contrast=\"auto\">Cobrar produtos e servi\u00e7os solicitados por voc\u00ea;\u00a0<\/span><\/li>\n<li data-aria-posinset=\"4\" data-aria-level=\"2\"><span data-contrast=\"auto\">Comercializar e\/ou enviar produtos, servi\u00e7os e\u00a0conte\u00fados\u00a0que acreditamos ser do seu interesse ou para nos comunicar com voc\u00ea para outras finalidades que s\u00e3o evidentes, como sobre as quais lhe informamos quando coletamos seus Dados Pessoais;\u00a0<\/span><\/li>\n<li data-aria-posinset=\"5\" data-aria-level=\"2\"><span data-contrast=\"auto\">Adapta\u00e7\u00e3o de nossos servi\u00e7os.<\/span><\/li>\n<\/ul>\n<p><b><span data-contrast=\"auto\">Dados coletados automaticamente\u00a0<\/span><\/b><br \/>\n<span data-contrast=\"auto\">Tamb\u00e9m coletamos informa\u00e7\u00f5es de modo autom\u00e1tico, tais como: caracter\u00edsticas do dispositivo de acesso, do navegador, IP (com data e hora), origem do IP, informa\u00e7\u00f5es sobre cliques, p\u00e1ginas acessadas, as p\u00e1ginas seguintes acessadas ap\u00f3s a sa\u00edda das P\u00e1ginas, ou qualquer termo de procura digitado nos sites ou em refer\u00eancia a estes, dentre outros. Para tal coleta, n\u00f3s faremos uso de algumas tecnologias padr\u00f5es, como cookies, que s\u00e3o utilizadas com o prop\u00f3sito de melhorar a experi\u00eancia de navega\u00e7\u00e3o do Usu\u00e1rio nas P\u00e1ginas, de acordo com seus h\u00e1bitos e suas prefer\u00eancias.<\/span><\/p>\n<p><b><span data-contrast=\"auto\">Cookies<\/span><\/b><br \/>\n<span data-contrast=\"auto\">Como mencionamos acima, ao navegar em nosso website, algumas de suas prefer\u00eancias ser\u00e3o lembradas atrav\u00e9s do uso de cookies. Os cookies, como mencionado acima, permitem que nosso sistema colete informa\u00e7\u00f5es do seu navegador e monitore padr\u00f5es de navega\u00e7\u00e3o que se estabelecem enquanto voc\u00ea navega pelo site. No entanto, todos visitantes do website t\u00eam a op\u00e7\u00e3o de ativar ou desativar os cookies por meio do seu navegador de internet.<\/span><\/p>\n<p><b><span data-contrast=\"auto\">Restri\u00e7\u00e3o de idade\u00a0<\/span><\/b><br \/>\n<span data-contrast=\"auto\">A Synergy Log\u00edstica foi idealizada para consumidores maiores de idade. Se voc\u00ea tiver menos de 18 anos de idade, n\u00e3o ser\u00e1 permitido o envio de suas informa\u00e7\u00f5es pessoais ao nosso site.<\/span><\/p>\n<p><b><span data-contrast=\"auto\">Compartilhamento\u00a0<\/span><\/b><br \/>\n<span data-contrast=\"auto\">N\u00e3o iremos vender, compartilhar ou divulgar os seus dados pessoais com entidades terceiras.<\/span><\/p>\n<p><b><span data-contrast=\"auto\">Seguran\u00e7a\u00a0<\/span><\/b><br \/>\n<span data-contrast=\"auto\">N\u00f3s dispomos de medidas de seguran\u00e7a em \u00e2mbitos f\u00edsicos, eletr\u00f4nicos e administrativos, que protegem suas informa\u00e7\u00f5es pessoais. Al\u00e9m disso, n\u00f3s dispomos de uma Pol\u00edtica de Seguran\u00e7a Interna para que funcion\u00e1rios e associados da Synergy Log\u00edstica n\u00e3o tenham acesso a suas informa\u00e7\u00f5es pessoais, de modo que seus dados permane\u00e7am sempre em seguran\u00e7a.<\/span><\/p>\n","protected":false},"excerpt":{"rendered":"<p>Pol\u00edtica de Privacidade A\u00a0Pol\u00edtica de Privacidade\u00a0tem por finalidade demonstrar o compromisso da Synergy Log\u00edstica\u00a0 com a privacidade e a prote\u00e7\u00e3o dos dados pessoais coletados de seus\u00a0usu\u00e1rios,<span class=\"excerpt-hellip\"> [\u2026]<\/span><\/p>\n","protected":false},"author":1,"featured_media":0,"parent":0,"menu_order":0,"comment_status":"closed","ping_status":"closed","template":"","meta":{"footnotes":""},"class_list":["post-272","page","type-page","status-publish","hentry"],"_links":{"self":[{"href":"https:\/\/synerlog.com.br\/index.php\/wp-json\/wp\/v2\/pages\/272","targetHints":{"allow":["GET"]}}],"collection":[{"href":"https:\/\/synerlog.com.br\/index.php\/wp-json\/wp\/v2\/pages"}],"about":[{"href":"https:\/\/synerlog.com.br\/index.php\/wp-json\/wp\/v2\/types\/page"}],"author":[{"embeddable":true,"href":"https:\/\/synerlog.com.br\/index.php\/wp-json\/wp\/v2\/users\/1"}],"replies":[{"embeddable":true,"href":"https:\/\/synerlog.com.br\/index.php\/wp-json\/wp\/v2\/comments?post=272"}],"version-history":[{"count":2,"href":"https:\/\/synerlog.com.br\/index.php\/wp-json\/wp\/v2\/pages\/272\/revisions"}],"predecessor-version":[{"id":274,"href":"https:\/\/synerlog.com.br\/index.php\/wp-json\/wp\/v2\/pages\/272\/revisions\/274"}],"wp:attachment":[{"href":"https:\/\/synerlog.com.br\/index.php\/wp-json\/wp\/v2\/media?parent=272"}],"curies":[{"name":"wp","href":"https:\/\/api.w.org\/{rel}","templated":true}]}}